{"id":95,"date":"2026-03-29T15:02:09","date_gmt":"2026-03-29T15:02:09","guid":{"rendered":"https:\/\/kiac.lv\/?page_id=95"},"modified":"2026-03-29T15:30:27","modified_gmt":"2026-03-29T15:30:27","slug":"trauksmes-celejs","status":"publish","type":"page","link":"https:\/\/kiac.lv\/?page_id=95","title":{"rendered":"Trauksmes c\u0113l\u0113js"},"content":{"rendered":"\n<p class=\"has-heading-font-family has-large-font-size\"><strong>Kas ir trauksmes c\u0113l\u0113js?<\/strong> <\/p>\n\n\n\n<p class=\"has-heading-font-family\">Trauksmes c\u0113l\u0113js ir fiziska persona, kura sniedz inform\u0101ciju par iesp\u0113jamu p\u0101rk\u0101pumu, kas var kait\u0113t sabiedr\u012bbas interes\u0113m, ja persona \u0161o inform\u0101ciju uzskata par patiesu un t\u0101 g\u016bta, veicot darba pien\u0101kumus vai dibinot tiesisk\u0101s attiec\u012bbas, kas saist\u012btas ar darba pien\u0101kumu veik\u0161anu, vai esot praks\u0113, un kurai \u0161\u012bs inform\u0101cijas snieg\u0161anas d\u0113\u013c var\u0113tu tikt rad\u012btas nelabv\u0113l\u012bgas sekas.<\/p>\n\n\n\n<p class=\"has-heading-font-family has-large-font-size\"><strong>K\u0101 celt trauksmi iek\u0161\u0113ji KiAC biedriem, valdes locek\u013ciem un nodarbin\u0101tajiem?<\/strong> <\/p>\n\n\n\n<p class=\"has-heading-font-family\">Ikviens KiAC (Kiberizl\u016bko\u0161anas un aizsardz\u012bbas centrs) biedrs, valdes loceklis vai nodarbin\u0101tais var inform\u0113t par iesp\u0113jamu p\u0101rk\u0101pumu, kas skar sabiedr\u012bbas intereses un ko nov\u0113ro saist\u012bb\u0101 ar biedr\u012bbas darb\u012bbu, izmantojot biedr\u012bbas iek\u0161\u0113jo trauksmes cel\u0161anas sist\u0113mu.<\/p>\n\n\n\n<p class=\"has-heading-font-family\">Iek\u0161\u0113j\u0101 zi\u0146o\u0161ana \u013cauj laikus nov\u0113rst p\u0101rk\u0101pumu, pirms tiek apdraud\u0113ta biedr\u012bbas reput\u0101cija, radu\u0161ies zaud\u0113jumi vai iesaist\u012btas valsts instit\u016bcijas. Zi\u0146ojums non\u0101k vistuv\u0101k \u201cprobl\u0113mas c\u0113lonim\u201d, un paust\u0101s ba\u017eas var operat\u012bvi izv\u0113rt\u0113t, nov\u0113rst p\u0101rk\u0101pumu vai identific\u0113t sistem\u0101tiskus tr\u016bkumus.<\/p>\n\n\n\n<p class=\"has-heading-font-family has-large-font-size\"><strong>K\u0101 celt trauksmi, izmantojot KiAC k\u0101 atbalsta biedr\u012bbu \/ starpnieku?<\/strong> <\/p>\n\n\n\n<p class=\"has-heading-font-family\">Ikviens iedz\u012bvot\u0101js var v\u0113rsties KiAC ar trauksmes c\u0113l\u0113ja zi\u0146ojumu par p\u0101rk\u0101pumu, kas skar sabiedr\u012bbas intereses biedr\u012bbas kompetences jom\u0101s (\u012bpa\u0161i kiberizsardz\u012bbas un b\u0113rnu ties\u012bbu aizsardz\u012bbas jom\u0101).<\/p>\n\n\n\n<p class=\"has-heading-font-family\">KiAC darbojas k\u0101 <strong>starpnieks<\/strong> \u2014 m\u0113s pal\u012bdzam sagatavot un p\u0101rs\u016bt\u012bt zi\u0146ojumu kompetentajai valsts instit\u016bcijai, k\u0101 ar\u012b sniedzam atbalstu trauksmes c\u0113l\u0113jam. Biedr\u012bba pati nav kompetent\u0101 instit\u016bcija un neveic ofici\u0101lu izmekl\u0113\u0161anu.<\/p>\n\n\n\n<p class=\"has-heading-font-family has-large-font-size\"><strong>Trauksmes c\u0113l\u0113ja zi\u0146ojumu KiAC var iesniegt:<\/strong><\/p>\n\n\n\n<ol class=\"wp-block-list\">\n<li class=\"has-heading-font-family\">Uz e-pastu <strong><a href=\"mailto:trauksme@kiac.lv\" target=\"_blank\" rel=\"noreferrer noopener\">trauksme@kiac.lv<\/a><\/strong> (ieteicams lejupiel\u0101d\u0113t un aizpild\u012bt veidlapu; ieteicams parakst\u012bt ar dro\u0161u elektronisko parakstu).<\/li>\n\n\n\n<li class=\"has-heading-font-family\">Ar elektronisk\u0101s formas starpniec\u012bbu t\u012bmek\u013cvietn\u0113 <strong>trauksmescelejs.lv<\/strong>.<\/li>\n\n\n\n<li class=\"has-heading-font-family\">Nos\u016btot pa pastu uz: Dzilnas iela 19-61, R\u012bga, LV-1021 (v\u0113stul\u0113 iek\u0161pus\u0113 nor\u0101d\u012bt, ka tas ir trauksmes c\u0113l\u0113ja zi\u0146ojums; v\u0113stule j\u0101paraksta pa\u0161roc\u012bgi).<\/li>\n<\/ol>\n\n\n\n<p class=\"has-heading-font-family\">T\u012bmek\u013cvietn\u0113 trauksmescelejs.lv iesp\u0113jams lejupiel\u0101d\u0113t ofici\u0101lo <strong>Trauksmes c\u0113l\u0113ja zi\u0146ojuma veidlapu<\/strong>. Ieteicams izmantot \u0161o <a href=\"https:\/\/trauksmescelejs.lv\/sites\/default\/files\/buttons-card-files\/trauksmes_celsanas_veidlapa_21.04.2022_0.docx\" data-type=\"link\" data-id=\"https:\/\/www.trauksmescelejs.lv\/iesniegt-trauksmes-celsanas-zinojumu\">veidlapu<\/a>. Zi\u0146ojumu var iesniegt ar\u012b cit\u0101 trauksmes c\u0113l\u0113jam \u0113rt\u0101 veid\u0101 (br\u012bv\u0101 form\u0101), oblig\u0101ti nor\u0101dot virsrakst\u0101 vai tekst\u0101: <strong>\u201cTrauksmes c\u0113l\u0113ja zi\u0146ojums\u201d<\/strong>.<\/p>\n\n\n\n<p class=\"has-heading-font-family has-large-font-size\"><strong>Kas notiek p\u0113c zi\u0146ojuma iesnieg\u0161anas?<\/strong> <\/p>\n\n\n\n<p class=\"has-heading-font-family\">P\u0113c trauksmes c\u0113l\u0113ja zi\u0146ojuma sa\u0146em\u0161anas KiAC 7 dienu laik\u0101 izv\u0113rt\u0113, vai tas atbilst Trauksmes cel\u0161anas likuma pras\u012bb\u0101m. P\u0113c tam 3 dienu laik\u0101 inform\u0113 iesniedz\u0113ju par pie\u0146emto l\u0113mumu.<\/p>\n\n\n\n<p class=\"has-heading-font-family\">Ja zi\u0146ojums tiek atz\u012bts par trauksmes c\u0113l\u0113ja zi\u0146ojumu, KiAC to p\u0101rs\u016bta kompetentajai instit\u016bcijai un inform\u0113 trauksmes c\u0113l\u0113ju par izskat\u012b\u0161anas gaitu (ne v\u0113l\u0101k k\u0101 p\u0113c 2 m\u0113ne\u0161iem) un galarezult\u0101tu.<\/p>\n\n\n\n<p class=\"has-heading-font-family\">Ikvienai personai vai instit\u016bcijai, kas sa\u0146em un apstr\u0101d\u0101 trauksmes c\u0113l\u0113ja zi\u0146ojumu, ir pien\u0101kums nodro\u0161in\u0101t konfidencialit\u0101ti un personas datu aizsardz\u012bbu. Trauksmes c\u0113l\u0113ja personas dati tiek <strong>pseidonimiz\u0113ti<\/strong>. Zi\u0146ojumam un tam pievienotajiem materi\u0101liem ir ierobe\u017eotas pieejam\u012bbas inform\u0101cijas statuss.<\/p>\n\n\n\n<p class=\"has-heading-font-family\">Vair\u0101k par trauksmes c\u0113l\u0113ja aizsardz\u012bbu lasiet trauksmescelejs.lv sada\u013c\u0101 \u201cPar aizsardz\u012bbu\u201d. Jaut\u0101jumus par datu apstr\u0101di varat rakst\u012bt uz: <a href=\"mailto:datu.apstrade.birojs@kiac.lv\" target=\"_blank\" rel=\"noreferrer noopener\"><strong>datu.apstrade.birojs@kiac.lv<\/strong><\/a>.<\/p>\n\n\n\n<p><\/p>\n","protected":false},"excerpt":{"rendered":"<p>Kas ir trauksmes c\u0113l\u0113js? Trauksmes c\u0113l\u0113js ir fiziska persona, kura sniedz inform\u0101ciju par iesp\u0113jamu p\u0101rk\u0101pumu, kas var kait\u0113t sabiedr\u012bbas interes\u0113m, ja persona \u0161o inform\u0101ciju uzskata par patiesu un t\u0101 g\u016bta, veicot darba pien\u0101kumus vai dibinot tiesisk\u0101s attiec\u012bbas, kas saist\u012btas ar darba pien\u0101kumu veik\u0161anu, vai esot praks\u0113, un kurai \u0161\u012bs inform\u0101cijas snieg\u0161anas d\u0113\u013c var\u0113tu tikt rad\u012btas [&hellip;]<\/p>\n","protected":false},"author":1,"featured_media":0,"parent":0,"menu_order":0,"comment_status":"closed","ping_status":"closed","template":"","meta":{"footnotes":""},"class_list":["post-95","page","type-page","status-publish","hentry"],"_links":{"self":[{"href":"https:\/\/kiac.lv\/index.php?rest_route=\/wp\/v2\/pages\/95","targetHints":{"allow":["GET"]}}],"collection":[{"href":"https:\/\/kiac.lv\/index.php?rest_route=\/wp\/v2\/pages"}],"about":[{"href":"https:\/\/kiac.lv\/index.php?rest_route=\/wp\/v2\/types\/page"}],"author":[{"embeddable":true,"href":"https:\/\/kiac.lv\/index.php?rest_route=\/wp\/v2\/users\/1"}],"replies":[{"embeddable":true,"href":"https:\/\/kiac.lv\/index.php?rest_route=%2Fwp%2Fv2%2Fcomments&post=95"}],"version-history":[{"count":5,"href":"https:\/\/kiac.lv\/index.php?rest_route=\/wp\/v2\/pages\/95\/revisions"}],"predecessor-version":[{"id":105,"href":"https:\/\/kiac.lv\/index.php?rest_route=\/wp\/v2\/pages\/95\/revisions\/105"}],"wp:attachment":[{"href":"https:\/\/kiac.lv\/index.php?rest_route=%2Fwp%2Fv2%2Fmedia&parent=95"}],"curies":[{"name":"wp","href":"https:\/\/api.w.org\/{rel}","templated":true}]}}