{"id":56,"date":"2026-02-12T05:22:37","date_gmt":"2026-02-12T05:22:37","guid":{"rendered":"https:\/\/kiac.lv\/?page_id=56"},"modified":"2026-02-12T15:22:25","modified_gmt":"2026-02-12T15:22:25","slug":"kontakti","status":"publish","type":"page","link":"https:\/\/kiac.lv\/?page_id=56","title":{"rendered":"Kontakti"},"content":{"rendered":"\n<p class=\"has-heading-font-family\">B\u0113rnu un jaunie\u0161u uztic\u012bbas t\u0101lrunis \u2013 116111<\/p>\n\n\n\n<p class=\"has-heading-font-family\">Pieaugu\u0161o kr\u012bzes t\u0101lrunis \u2013 116123<\/p>\n\n\n\n<p class=\"has-heading-font-family\">Atbalsta t\u0101lrunis noziegumos cietu\u0161ajiem \u2013 116006<\/p>\n\n\n\n<p><\/p>\n\n\n\n<hr class=\"wp-block-separator has-alpha-channel-opacity\"\/>\n\n\n\n<p><\/p>\n\n\n\n<p class=\"has-text-align-center has-heading-font-family has-large-font-size\">Kontakt forma<\/p>\n\n\n\n<div class=\"forminator-guttenberg\"><div class=\"forminator-ui forminator-custom-form forminator-custom-form-57 forminator-design--default  forminator_ajax\" data-forminator-render=\"0\" data-form=\"forminator-module-57\" data-uid=\"69dcc7d76744a\"><br\/><\/div><form\n\t\t\t\tid=\"forminator-module-57\"\n\t\t\t\tclass=\"forminator-ui forminator-custom-form forminator-custom-form-57 forminator-design--default  forminator_ajax\"\n\t\t\t\tmethod=\"post\"\n\t\t\t\tdata-forminator-render=\"0\"\n\t\t\t\tdata-form-id=\"57\"\n\t\t\t\t data-color-option=\"theme\" data-design=\"default\" data-grid=\"open\" style=\"display: none;\"\n\t\t\t\tdata-uid=\"69dcc7d76744a\"\n\t\t\t><div role=\"alert\" aria-live=\"polite\" class=\"forminator-response-message forminator-error\" aria-hidden=\"true\"><\/div><div class=\"forminator-row\"><div id=\"name-1\" class=\"forminator-field-name forminator-col forminator-col-12 \"><div class=\"forminator-field\"><label for=\"forminator-field-name-1_69dcc7d76744a\" id=\"forminator-field-name-1_69dcc7d76744a-label\" class=\"forminator-label\">V\u0101rds, uzv\u0101rds<\/label><input type=\"text\" name=\"name-1\" value=\"\" placeholder=\"\" id=\"forminator-field-name-1_69dcc7d76744a\" class=\"forminator-input forminator-name--field\" aria-required=\"false\" autocomplete=\"name\" \/><\/div><\/div><\/div><div class=\"forminator-row\"><div id=\"email-1\" class=\"forminator-field-email forminator-col forminator-col-12 \"><div class=\"forminator-field\"><label for=\"forminator-field-email-1_69dcc7d76744a\" id=\"forminator-field-email-1_69dcc7d76744a-label\" class=\"forminator-label\">E-pasts<\/label><input type=\"email\" name=\"email-1\" value=\"\" placeholder=\"\" id=\"forminator-field-email-1_69dcc7d76744a\" class=\"forminator-input forminator-email--field\" data-required=\"\" aria-required=\"false\" autocomplete=\"email\" \/><\/div><\/div><\/div><div class=\"forminator-row\"><div id=\"phone-1\" class=\"forminator-field-phone forminator-col forminator-col-12 \"><div class=\"forminator-field\"><label for=\"forminator-field-phone-1_69dcc7d76744a\" id=\"forminator-field-phone-1_69dcc7d76744a-label\" class=\"forminator-label\">Telefons (ar +371)<\/label><input type=\"text\" name=\"phone-1\" value=\"\" placeholder=\"\" id=\"forminator-field-phone-1_69dcc7d76744a\" class=\"forminator-input forminator-field--phone\" data-required=\"\" aria-required=\"false\" autocomplete=\"off\" \/><\/div><\/div><\/div><div class=\"forminator-row\"><div id=\"textarea-1\" class=\"forminator-field-textarea forminator-col forminator-col-12 \"><div class=\"forminator-field\"><label for=\"forminator-field-textarea-1_69dcc7d76744a\" id=\"forminator-field-textarea-1_69dcc7d76744a-label\" class=\"forminator-label\">V\u0113stule <span class=\"forminator-required\">*<\/span><\/label><span id=\"forminator-field-textarea-1_69dcc7d76744a-description\" class=\"forminator-description\"><span data-limit=\"180\" data-type=\"characters\" data-editor=\"\">0 \/ 180<\/span><\/span><textarea name=\"textarea-1\" placeholder=\"\" id=\"forminator-field-textarea-1_69dcc7d76744a\" class=\"forminator-textarea\" rows=\"6\" style=\"min-height:140px;\" maxlength=\"180\" ><\/textarea><\/div><\/div><\/div><div class=\"forminator-row\"><div id=\"checkbox-1\" class=\"forminator-field-checkbox forminator-col forminator-col-12 \"><div role=\"group\" class=\"forminator-field required\" aria-labelledby=\"forminator-checkbox-group-forminator-field-checkbox-1-69dcc7d76744a-label\"><span id=\"forminator-checkbox-group-forminator-field-checkbox-1-69dcc7d76744a-label\" class=\"forminator-label\">Piekri\u0161ana datu apstr\u0101dei <span class=\"forminator-required\">*<\/span><\/span><label id=\"forminator-field-checkbox-1-1-69dcc7d76744a-label\" for=\"forminator-field-checkbox-1-1-69dcc7d76744a\" class=\"forminator-checkbox\" title=\"Piekr\u012btu datu apstr\u0101dei, priv\u0101tuma politikai un lieto\u0161anas noteikumiem\"><input type=\"checkbox\" name=\"checkbox-1[]\" value=\"one\" id=\"forminator-field-checkbox-1-1-69dcc7d76744a\" aria-labelledby=\"forminator-field-checkbox-1-1-69dcc7d76744a-label\" data-calculation=\"0\"   data-hidden-behavior=\"zero\"\/><span class=\"forminator-checkbox-box\" aria-hidden=\"true\"><\/span><span class=\"forminator-checkbox-label\">Piekr\u012btu datu apstr\u0101dei, priv\u0101tuma politikai un lieto\u0161anas noteikumiem<\/span><\/label><\/div><\/div><\/div><input type=\"hidden\" name=\"referer_url\" value=\"\" \/><div class=\"forminator-row forminator-row-last\"><div class=\"forminator-col\"><div class=\"forminator-field\"><button class=\"forminator-button forminator-button-submit\">S\u016bt\u012bt!<\/button><\/div><\/div><\/div><input type=\"hidden\" id=\"forminator_nonce\" name=\"forminator_nonce\" value=\"3d0df81d1c\" \/><input type=\"hidden\" name=\"_wp_http_referer\" value=\"\/index.php?rest_route=%2Fwp%2Fv2%2Fpages%2F56\" \/><input type=\"hidden\" name=\"form_id\" value=\"57\"><input type=\"hidden\" name=\"page_id\" value=\"56\"><input type=\"hidden\" name=\"form_type\" value=\"default\"><input type=\"hidden\" name=\"current_url\" value=\"https:\/\/kiac.lv\/?page_id=56\"><input type=\"hidden\" name=\"render_id\" value=\"0\"><input type=\"hidden\" name=\"action\" value=\"forminator_submit_form_custom-forms\"><\/form><\/div>\n\n\n\n<p><\/p>\n\n\n\n<p><\/p>\n","protected":false},"excerpt":{"rendered":"<p>B\u0113rnu un jaunie\u0161u uztic\u012bbas t\u0101lrunis \u2013 116111 Pieaugu\u0161o kr\u012bzes t\u0101lrunis \u2013 116123 Atbalsta t\u0101lrunis noziegumos cietu\u0161ajiem \u2013 116006 Kontakt forma<\/p>\n","protected":false},"author":1,"featured_media":0,"parent":0,"menu_order":0,"comment_status":"closed","ping_status":"closed","template":"","meta":{"footnotes":""},"class_list":["post-56","page","type-page","status-publish","hentry"],"_links":{"self":[{"href":"https:\/\/kiac.lv\/index.php?rest_route=\/wp\/v2\/pages\/56","targetHints":{"allow":["GET"]}}],"collection":[{"href":"https:\/\/kiac.lv\/index.php?rest_route=\/wp\/v2\/pages"}],"about":[{"href":"https:\/\/kiac.lv\/index.php?rest_route=\/wp\/v2\/types\/page"}],"author":[{"embeddable":true,"href":"https:\/\/kiac.lv\/index.php?rest_route=\/wp\/v2\/users\/1"}],"replies":[{"embeddable":true,"href":"https:\/\/kiac.lv\/index.php?rest_route=%2Fwp%2Fv2%2Fcomments&post=56"}],"version-history":[{"count":6,"href":"https:\/\/kiac.lv\/index.php?rest_route=\/wp\/v2\/pages\/56\/revisions"}],"predecessor-version":[{"id":75,"href":"https:\/\/kiac.lv\/index.php?rest_route=\/wp\/v2\/pages\/56\/revisions\/75"}],"wp:attachment":[{"href":"https:\/\/kiac.lv\/index.php?rest_route=%2Fwp%2Fv2%2Fmedia&parent=56"}],"curies":[{"name":"wp","href":"https:\/\/api.w.org\/{rel}","templated":true}]}}