{"id":49,"date":"2026-02-12T05:08:45","date_gmt":"2026-02-12T05:08:45","guid":{"rendered":"https:\/\/kiac.lv\/?page_id=49"},"modified":"2026-04-01T10:02:41","modified_gmt":"2026-04-01T10:02:41","slug":"lietosanas-noteikumi","status":"publish","type":"page","link":"https:\/\/kiac.lv\/?page_id=49","title":{"rendered":"Lieto\u0161anas noteikumi"},"content":{"rendered":"\n<p class=\"has-text-align-center has-heading-font-family has-large-font-size\">Ievads <\/p>\n\n\n\n<p class=\"has-text-align-left has-heading-font-family has-medium-font-size\">T\u012bmek\u013ca vietne: <a href=\"http:\/\/kiac.lv\" target=\"_blank\" rel=\"noreferrer noopener\">kiac.lv<\/a> vai kiac.lv (turpm\u0101k \u2013 Vietne).<\/p>\n\n\n\n<p class=\"has-heading-font-family has-medium-font-size\">\u0160ie lieto\u0161anas noteikumi (turpm\u0101k \u2013 Noteikumi) nosaka nosac\u012bjumus, k\u0101d\u0101 k\u0101rt\u012bb\u0101 J\u016bs dr\u012bkstat apmekl\u0113t, izmantot un mijiedarboties ar Vietni un t\u0101s saturu. Izmantojot Vietni, J\u016bs piekr\u012btat \u0161iem Noteikumiem piln\u0101 apjom\u0101. Ja nepiekr\u012btat Noteikumiem, l\u016bdzam neizmantot Vietni.<\/p>\n\n\n\n<p class=\"has-text-align-center has-heading-font-family has-large-font-size\">Vietnes \u012bpa\u0161nieks <\/p>\n\n\n\n<p class=\"has-heading-font-family has-medium-font-size\">Biedr\u012bba \u201cKiberizl\u016bko\u0161anas un aizsardz\u012bbas centrs\u201d (turpm\u0101k \u2013 Centrs) Re\u0123istr\u0101cijas Nr.: 40008354042 SEPA identifikators: LV63ZZZ40008354042 Juridisk\u0101 adrese: R\u012bga, Dzilnas iela 19, LV-1021<\/p>\n\n\n\n<p class=\"has-text-align-center has-heading-font-family has-large-font-size\">1. Visp\u0101r\u012bgie nosac\u012bjumi <\/p>\n\n\n\n<p class=\"has-heading-font-family has-medium-font-size\">1.1. Vietne paredz\u0113ta informat\u012bviem, izgl\u012btojo\u0161iem un sabiedrisk\u0101 labuma m\u0113r\u0137iem, tostarp c\u012b\u0146ai pret b\u0113rnu seksu\u0101lo ekspluat\u0101ciju internet\u0101. <\/p>\n\n\n\n<p class=\"has-heading-font-family has-medium-font-size\">1.2. Visa Vietn\u0113 pieejam\u0101 inform\u0101cija, materi\u0101li, teksti, att\u0113li, dizains un programmat\u016bra ir Centra vai tre\u0161o personu \u012bpa\u0161ums un aizsarg\u0101ta ar autorties\u012bb\u0101m un citiem intelektu\u0101l\u0101 \u012bpa\u0161uma ties\u012bbu normat\u012bvajiem aktiem. <\/p>\n\n\n\n<p class=\"has-text-align-center has-heading-font-family has-large-font-size\">1.3. Jums ir at\u013cauts:<\/p>\n\n\n\n<ul class=\"wp-block-list\">\n<li class=\"has-heading-font-family has-medium-font-size\">apskat\u012bt Vietnes saturu personisk\u0101m, nekomerci\u0101l\u0101m vajadz\u012bb\u0101m;<\/li>\n\n\n\n<li class=\"has-heading-font-family has-medium-font-size\">izmantot materi\u0101lus izgl\u012btojo\u0161iem nol\u016bkiem, ja tiek nor\u0101d\u012bts avots (<a href=\"http:\/\/kiac.lv\" target=\"_blank\" rel=\"noreferrer noopener\">kiac.lv<\/a>) un netiek p\u0101rk\u0101ptas autorties\u012bbas.<\/li>\n<\/ul>\n\n\n\n<p class=\"has-text-align-center has-heading-font-family has-large-font-size\">2. Aizliegt\u0101 darb\u012bba Aizliegts:<\/p>\n\n\n\n<ul class=\"wp-block-list\">\n<li class=\"has-heading-font-family has-medium-font-size\">izmantot Vietni nelikum\u012bgiem m\u0113r\u0137iem vai veicin\u0101t nelikum\u012bgu darb\u012bbu;<\/li>\n\n\n\n<li class=\"has-heading-font-family has-medium-font-size\">m\u0113\u0123in\u0101t ieg\u016bt nesankcion\u0113tu piek\u013cuvi Vietnes sist\u0113m\u0101m, serveriem vai datiem;<\/li>\n\n\n\n<li class=\"has-heading-font-family has-medium-font-size\">izplat\u012bt v\u012brusus, \u013caunpr\u0101t\u012bgu kodu vai veikt kibernoziedz\u012bgas darb\u012bbas;<\/li>\n\n\n\n<li class=\"has-heading-font-family has-medium-font-size\">public\u0113t vai nos\u016bt\u012bt caur Vietni saturu, kas ir aizskaro\u0161s, naidpilns, diskrimin\u0113jo\u0161s, pornogr\u0101fisks vai p\u0101rk\u0101pj tre\u0161o personu ties\u012bbas;<\/li>\n\n\n\n<li class=\"has-heading-font-family has-medium-font-size\">izmantot Vietni komerci\u0101liem m\u0113r\u0137iem bez Centra rakstiskas at\u013caujas.<\/li>\n<\/ul>\n\n\n\n<p class=\"has-text-align-center has-heading-font-family has-large-font-size\">3. Lietot\u0101ju saturs un zi\u0146ojumi <\/p>\n\n\n\n<p class=\"has-heading-font-family has-medium-font-size\">3.1. Ja Vietn\u0113 ir iesp\u0113ja iesniegt zi\u0146ojumus, koment\u0101rus vai citu saturu (piem\u0113ram, anon\u012bmus zi\u0146ojumus par aizdom\u012bgu saturu), J\u016bs apliecin\u0101t, ka sniegt\u0101 inform\u0101cija ir patiesa un Jums nav ties\u012bbu nodot tre\u0161o personu personas datus bez likum\u012bga pamata. <\/p>\n\n\n\n<p class=\"has-heading-font-family has-medium-font-size\">3.2. Centrs patur ties\u012bbas dz\u0113st, modific\u0113t vai nepublic\u0113t jebkuru iesniegto saturu bez iepriek\u0161\u0113ja br\u012bdin\u0101juma. <\/p>\n\n\n\n<p class=\"has-heading-font-family has-medium-font-size\">3.3. J\u016bs piekr\u012btat, ka iesniegtais saturs var tikt nodots kompetentaj\u0101m iest\u0101d\u0113m (piem\u0113ram, Valsts policijai), ja tas satur inform\u0101ciju par iesp\u0113jamu noziegumu.<\/p>\n\n\n\n<p class=\"has-text-align-center has-heading-font-family has-large-font-size\">4. Atbild\u012bbas ierobe\u017eojumi <\/p>\n\n\n\n<p class=\"has-heading-font-family has-medium-font-size\">4.1. Vietne tiek sniegta \u201ck\u0101 ir\u201d, bez jebk\u0101d\u0101m tie\u0161\u0101m vai netie\u0161\u0101m garantij\u0101m par t\u0101s pieejam\u012bbu, precizit\u0101ti, piln\u012bgumu vai dro\u0161\u012bbu. <\/p>\n\n\n\n<p class=\"has-heading-font-family has-medium-font-size\">4.2. Centrs nav atbild\u012bgs par jebk\u0101diem zaud\u0113jumiem, kas radu\u0161ies Vietnes izmanto\u0161anas rezult\u0101t\u0101, tostarp datu zudumu, ien\u0101kumu zaud\u0113jumu vai tre\u0161o personu pras\u012bb\u0101m. <\/p>\n\n\n\n<p class=\"has-heading-font-family has-medium-font-size\">4.3. Centrs nav atbild\u012bgs par tre\u0161o personu sait\u0113m, kas ievietotas Vietn\u0113.<\/p>\n\n\n\n<p class=\"has-text-align-center has-heading-font-family has-large-font-size\">5. Personas datu apstr\u0101de <\/p>\n\n\n\n<p class=\"has-heading-font-family has-medium-font-size\">Vietnes darb\u012bbas laik\u0101 tiek apstr\u0101d\u0101ti tehniskie dati (IP adrese, p\u0101rl\u016bkprogramma, ier\u012bce u.c.) un s\u012bkdatnes, k\u0101 ar\u012b dati, ko J\u016bs br\u012bvpr\u0101t\u012bgi sniedzat (v\u0101rds, e-pasts, zi\u0146ojumi u.c.). Detaliz\u0113ta inform\u0101cija par personas datu apstr\u0101di ir pieejama atsevi\u0161\u0137\u0101 Personas datu apstr\u0101des politik\u0101 un S\u012bkdat\u0146u politik\u0101, kas ir neat\u0146emama \u0161o Noteikumu sast\u0101vda\u013ca.<\/p>\n\n\n\n<p class=\"has-heading-font-family has-medium-font-size\">6. Izmai\u0146as Noteikumos Centram ir ties\u012bbas jebkur\u0101 laik\u0101 groz\u012bt \u0161os Noteikumus. Groz\u012bjumi st\u0101jas sp\u0113k\u0101 to public\u0113\u0161anas br\u012bd\u012b Vietn\u0113. Turpinot izmantot Vietni p\u0113c groz\u012bjumu public\u0113\u0161anas, J\u016bs piekr\u012btat jaunajiem Noteikumiem.<\/p>\n\n\n\n<p class=\"has-heading-font-family has-medium-font-size\">Kontakti <\/p>\n\n\n\n<p class=\"has-heading-font-family has-medium-font-size\">E-pasts: <a href=\"mailto:contact@kiac.lv\" target=\"_blank\" rel=\"noreferrer noopener\"><a href=\"mailto:datu.apstrade.birojs@kiac.lv\" target=\"_blank\" rel=\"noreferrer noopener\">datu.apstrade.birojs@kiac.lv<\/a><\/a><\/p>\n\n\n\n<p class=\"has-heading-font-family has-medium-font-size\">P\u0113d\u0113jo reizi atjaunots: 2026. gada apr\u012bl\u012b<\/p>\n\n\n\n<p class=\"has-heading-font-family has-medium-font-size\">\u0160ie Noteikumi ir sp\u0113k\u0101 no to public\u0113\u0161anas br\u012b\u017ea Vietn\u0113.<\/p>\n\n\n\n<p class=\"has-heading-font-family has-large-font-size\"><\/p>\n\n\n\n<p><\/p>\n","protected":false},"excerpt":{"rendered":"<p>Ievads T\u012bmek\u013ca vietne: kiac.lv vai kiac.lv (turpm\u0101k \u2013 Vietne). \u0160ie lieto\u0161anas noteikumi (turpm\u0101k \u2013 Noteikumi) nosaka nosac\u012bjumus, k\u0101d\u0101 k\u0101rt\u012bb\u0101 J\u016bs dr\u012bkstat apmekl\u0113t, izmantot un mijiedarboties ar Vietni un t\u0101s saturu. Izmantojot Vietni, J\u016bs piekr\u012btat \u0161iem Noteikumiem piln\u0101 apjom\u0101. Ja nepiekr\u012btat Noteikumiem, l\u016bdzam neizmantot Vietni. Vietnes \u012bpa\u0161nieks Biedr\u012bba \u201cKiberizl\u016bko\u0161anas un aizsardz\u012bbas centrs\u201d (turpm\u0101k \u2013 Centrs) Re\u0123istr\u0101cijas [&hellip;]<\/p>\n","protected":false},"author":1,"featured_media":0,"parent":0,"menu_order":0,"comment_status":"closed","ping_status":"closed","template":"","meta":{"footnotes":""},"class_list":["post-49","page","type-page","status-publish","hentry"],"_links":{"self":[{"href":"https:\/\/kiac.lv\/index.php?rest_route=\/wp\/v2\/pages\/49","targetHints":{"allow":["GET"]}}],"collection":[{"href":"https:\/\/kiac.lv\/index.php?rest_route=\/wp\/v2\/pages"}],"about":[{"href":"https:\/\/kiac.lv\/index.php?rest_route=\/wp\/v2\/types\/page"}],"author":[{"embeddable":true,"href":"https:\/\/kiac.lv\/index.php?rest_route=\/wp\/v2\/users\/1"}],"replies":[{"embeddable":true,"href":"https:\/\/kiac.lv\/index.php?rest_route=%2Fwp%2Fv2%2Fcomments&post=49"}],"version-history":[{"count":6,"href":"https:\/\/kiac.lv\/index.php?rest_route=\/wp\/v2\/pages\/49\/revisions"}],"predecessor-version":[{"id":112,"href":"https:\/\/kiac.lv\/index.php?rest_route=\/wp\/v2\/pages\/49\/revisions\/112"}],"wp:attachment":[{"href":"https:\/\/kiac.lv\/index.php?rest_route=%2Fwp%2Fv2%2Fmedia&parent=49"}],"curies":[{"name":"wp","href":"https:\/\/api.w.org\/{rel}","templated":true}]}}