{"id":30,"date":"2026-02-11T17:03:10","date_gmt":"2026-02-11T17:03:10","guid":{"rendered":"http:\/\/kiac.lv\/?page_id=30"},"modified":"2026-02-12T15:16:09","modified_gmt":"2026-02-12T15:16:09","slug":"musu-komanda","status":"publish","type":"page","link":"https:\/\/kiac.lv\/?page_id=30","title":{"rendered":"M\u016bsu komanda"},"content":{"rendered":"\n<p class=\"has-text-align-center has-heading-font-family has-medium-font-size\">Valdes locek\u013ci:<\/p>\n\n\n\n<p class=\"has-text-align-left has-heading-font-family has-medium-font-size\">Samu\u0113ls Ruskulis &#8211; ties\u012bbas p\u0101rst\u0101v\u0113t atsevi\u0161\u0137\u012b; dibin\u0101t\u0101js, vad\u012bt\u0101js<\/p>\n\n\n\n<p class=\"has-text-align-left has-heading-font-family has-medium-font-size\">Aelita Ruskule &#8211; ties\u012bbas p\u0101rst\u0101v\u0113t atsevi\u0161\u0137i; dibin\u0101t\u0101js<\/p>\n\n\n\n<p><\/p>\n\n\n\n<p><\/p>\n","protected":false},"excerpt":{"rendered":"<p>Valdes locek\u013ci: Samu\u0113ls Ruskulis &#8211; ties\u012bbas p\u0101rst\u0101v\u0113t atsevi\u0161\u0137\u012b; dibin\u0101t\u0101js, vad\u012bt\u0101js Aelita Ruskule &#8211; ties\u012bbas p\u0101rst\u0101v\u0113t atsevi\u0161\u0137i; dibin\u0101t\u0101js<\/p>\n","protected":false},"author":1,"featured_media":0,"parent":0,"menu_order":0,"comment_status":"closed","ping_status":"closed","template":"","meta":{"footnotes":""},"class_list":["post-30","page","type-page","status-publish","hentry"],"_links":{"self":[{"href":"https:\/\/kiac.lv\/index.php?rest_route=\/wp\/v2\/pages\/30","targetHints":{"allow":["GET"]}}],"collection":[{"href":"https:\/\/kiac.lv\/index.php?rest_route=\/wp\/v2\/pages"}],"about":[{"href":"https:\/\/kiac.lv\/index.php?rest_route=\/wp\/v2\/types\/page"}],"author":[{"embeddable":true,"href":"https:\/\/kiac.lv\/index.php?rest_route=\/wp\/v2\/users\/1"}],"replies":[{"embeddable":true,"href":"https:\/\/kiac.lv\/index.php?rest_route=%2Fwp%2Fv2%2Fcomments&post=30"}],"version-history":[{"count":2,"href":"https:\/\/kiac.lv\/index.php?rest_route=\/wp\/v2\/pages\/30\/revisions"}],"predecessor-version":[{"id":69,"href":"https:\/\/kiac.lv\/index.php?rest_route=\/wp\/v2\/pages\/30\/revisions\/69"}],"wp:attachment":[{"href":"https:\/\/kiac.lv\/index.php?rest_route=%2Fwp%2Fv2%2Fmedia&parent=30"}],"curies":[{"name":"wp","href":"https:\/\/api.w.org\/{rel}","templated":true}]}}