{"id":21,"date":"2026-02-11T16:56:42","date_gmt":"2026-02-11T16:56:42","guid":{"rendered":"http:\/\/kiac.lv\/?page_id=21"},"modified":"2026-02-12T07:11:04","modified_gmt":"2026-02-12T07:11:04","slug":"par-mums","status":"publish","type":"page","link":"https:\/\/kiac.lv\/?page_id=21","title":{"rendered":"Par mums"},"content":{"rendered":"\n<p class=\"has-heading-font-family has-medium-font-size\">KiAC \u2014 Kiberizl\u016bko\u0161anas un aizsardz\u012bbas centrs ir br\u012bvpr\u0101t\u012bga bezpe\u013c\u0146as nevalstisk\u0101 organiz\u0101cija (biedr\u012bba), kas dibin\u0101ta Latvij\u0101 ar m\u0113r\u0137i akt\u012bvi c\u012bn\u012bties pret b\u0113rnu seksu\u0101lo ekspluat\u0101ciju internet\u0101. M\u0113s str\u0101d\u0101jam gan parastaj\u0101 internet\u0101 (clearnet), gan tum\u0161aj\u0101 t\u012bkl\u0101 (darknet), tostarp Tor (.onion) un I2P (.i2p) vid\u0113s, kur \u0161ie noziegumi bie\u017ei tiek sl\u0113pti un izplat\u012bti.<\/p>\n\n\n\n<p class=\"has-heading-font-family has-medium-font-size\">M\u016bsu biedr\u012bbas re\u0123istr\u0101cijas numurs: 40008354042<\/p>\n\n\n\n<p class=\"has-heading-font-family has-medium-font-size\">Juridisk\u0101 adrese: R\u012bga, Dzilnas iela 19-61, LV-1021<\/p>\n\n\n\n<p class=\"has-heading-font-family has-medium-font-size\">T\u012bmek\u013ca vietne: <a href=\"http:\/\/kiac.lv\" target=\"_blank\" rel=\"noreferrer noopener\">kiac.lv<\/a><\/p>\n\n\n\n<p class=\"has-heading-font-family has-medium-font-size\">Kontakti: <a href=\"mailto:contact@kiac.lv\" target=\"_blank\" rel=\"noreferrer noopener\">contact@kiac.lv<\/a>, Uztic\u012bbas t\u0101lrunis b\u0113rniem un jaunie\u0161iem Latvij\u0101 \u2014 <strong>116111<\/strong><\/p>\n\n\n\n<p class=\"has-heading-font-family has-medium-font-size\">M\u0113s esam piln\u012bb\u0101 br\u012bvpr\u0101t\u012bga komanda \u2014 cilv\u0113ki, kuri ziedo savu laiku, zin\u0101\u0161anas un prasmes, lai aizsarg\u0101tu visneaizsarg\u0101t\u0101kos: b\u0113rnus un jaunie\u0161us no seksu\u0101las vardarb\u012bbas un ekspluat\u0101cijas.<\/p>\n\n\n\n<p><\/p>\n\n\n\n<p><\/p>\n\n\n\n<figure class=\"wp-block-image aligncenter size-full\"><img loading=\"lazy\" decoding=\"async\" width=\"150\" height=\"150\" src=\"http:\/\/kiac.lv\/wp-content\/uploads\/2026\/02\/580924855_122128788224973711_1549931244010386530_n-150x150-1.jpg\" alt=\"\" class=\"wp-image-7\"\/><figcaption class=\"wp-element-caption\">Biedr\u012bbas logo<\/figcaption><\/figure>\n\n\n\n<p><\/p>\n\n\n\n<p><\/p>\n\n\n\n<p class=\"has-heading-font-family\">Gada p\u0101rskati:<\/p>\n\n\n\n<p class=\"has-heading-font-family\">2025 &#8211; <a href=\"http:\/\/kiac.lv\/wp-content\/uploads\/2026\/02\/gadaParskats-viss.pdf\" data-type=\"link\" data-id=\"http:\/\/kiac.lv\/wp-content\/uploads\/2026\/02\/gadaParskats-viss.pdf\">atv\u0113rt PDF for\u0101t\u0101<\/a><\/p>\n\n\n\n<p><\/p>\n","protected":false},"excerpt":{"rendered":"<p>KiAC \u2014 Kiberizl\u016bko\u0161anas un aizsardz\u012bbas centrs ir br\u012bvpr\u0101t\u012bga bezpe\u013c\u0146as nevalstisk\u0101 organiz\u0101cija (biedr\u012bba), kas dibin\u0101ta Latvij\u0101 ar m\u0113r\u0137i akt\u012bvi c\u012bn\u012bties pret b\u0113rnu seksu\u0101lo ekspluat\u0101ciju internet\u0101. M\u0113s str\u0101d\u0101jam gan parastaj\u0101 internet\u0101 (clearnet), gan tum\u0161aj\u0101 t\u012bkl\u0101 (darknet), tostarp Tor (.onion) un I2P (.i2p) vid\u0113s, kur \u0161ie noziegumi bie\u017ei tiek sl\u0113pti un izplat\u012bti. M\u016bsu biedr\u012bbas re\u0123istr\u0101cijas numurs: 40008354042 Juridisk\u0101 [&hellip;]<\/p>\n","protected":false},"author":1,"featured_media":0,"parent":0,"menu_order":0,"comment_status":"closed","ping_status":"closed","template":"","meta":{"footnotes":""},"class_list":["post-21","page","type-page","status-publish","hentry"],"_links":{"self":[{"href":"https:\/\/kiac.lv\/index.php?rest_route=\/wp\/v2\/pages\/21","targetHints":{"allow":["GET"]}}],"collection":[{"href":"https:\/\/kiac.lv\/index.php?rest_route=\/wp\/v2\/pages"}],"about":[{"href":"https:\/\/kiac.lv\/index.php?rest_route=\/wp\/v2\/types\/page"}],"author":[{"embeddable":true,"href":"https:\/\/kiac.lv\/index.php?rest_route=\/wp\/v2\/users\/1"}],"replies":[{"embeddable":true,"href":"https:\/\/kiac.lv\/index.php?rest_route=%2Fwp%2Fv2%2Fcomments&post=21"}],"version-history":[{"count":5,"href":"https:\/\/kiac.lv\/index.php?rest_route=\/wp\/v2\/pages\/21\/revisions"}],"predecessor-version":[{"id":67,"href":"https:\/\/kiac.lv\/index.php?rest_route=\/wp\/v2\/pages\/21\/revisions\/67"}],"wp:attachment":[{"href":"https:\/\/kiac.lv\/index.php?rest_route=%2Fwp%2Fv2%2Fmedia&parent=21"}],"curies":[{"name":"wp","href":"https:\/\/api.w.org\/{rel}","templated":true}]}}